{"id":2115,"date":"2025-11-19T12:33:48","date_gmt":"2025-11-19T12:33:48","guid":{"rendered":"https:\/\/iade-ma.com\/?page_id=2115"},"modified":"2025-11-30T13:11:38","modified_gmt":"2025-11-30T13:11:38","slug":"services","status":"publish","type":"page","link":"https:\/\/iade-ma.com\/fr\/services\/","title":{"rendered":"Nos services"},"content":{"rendered":"<div data-elementor-type=\"wp-page\" data-elementor-id=\"2115\" class=\"elementor elementor-2115\">\n\t\t\t\t<div class=\"elementor-element elementor-element-e286c8b e-flex e-con-boxed e-con e-parent\" data-id=\"e286c8b\" data-element_type=\"container\">\n\t\t\t\t\t<div class=\"e-con-inner\">\n\t\t<div class=\"elementor-element elementor-element-d59fe81 e-con-full e-flex e-con e-child\" data-id=\"d59fe81\" data-element_type=\"container\">\n\t\t\t\t<div class=\"elementor-element elementor-element-cfaf4bd elementor-widget-divider--view-line_icon elementor-widget-divider--separator-type-pattern elementor-widget-divider--no-spacing elementor-view-default elementor-widget-divider--element-align-center elementor-widget elementor-widget-divider\" data-id=\"cfaf4bd\" data-element_type=\"widget\" data-widget_type=\"divider.default\">\n\t\t\t\t\t\t\t<div class=\"elementor-divider\" style=\"--divider-pattern-url: url(&quot;data:image\/svg+xml,%3Csvg xmlns=&#039;http:\/\/www.w3.org\/2000\/svg&#039; preserveAspectRatio=&#039;none&#039; overflow=&#039;visible&#039; height=&#039;100%&#039; viewBox=&#039;0 0 24 24&#039; fill=&#039;black&#039; stroke=&#039;none&#039;%3E%3Cpath d=&#039;M24,8v12H0V8H24z M24,4v1H0V4H24z&#039;\/%3E%3C\/svg%3E&quot;);\">\n\t\t\t<span class=\"elementor-divider-separator\">\n\t\t\t\t\t\t\t<div class=\"elementor-icon elementor-divider__element\">\n\t\t\t\t\t<i aria-hidden=\"true\" class=\"fas fa-book-open\"><\/i><\/div>\n\t\t\t\t\t\t<\/span>\n\t\t<\/div>\n\t\t\t\t\t\t<\/div>\n\t\t\t\t<div class=\"elementor-element elementor-element-09cc8e6 elementor-widget elementor-widget-text-editor\" data-id=\"09cc8e6\" data-element_type=\"widget\" data-widget_type=\"text-editor.default\">\n\t\t\t\t\t\t\t\t\t<p>L'Acad\u00e9mie Internationale pour le D\u00e9veloppement et l'Expertise (IADE) propose un syst\u00e8me complet de services \u00e9ducatifs, de formation et de conseil, alliant science et gestion, psychologie et conscience, technologie et d\u00e9veloppement, avec pour objectif de permettre aux individus et aux institutions de d\u00e9velopper leurs comp\u00e9tences et d'atteindre un \u00e9quilibre entre efficacit\u00e9 et cr\u00e9ativit\u00e9 humaine. Nous croyons que le succ\u00e8s en gestion commence par la sant\u00e9 mentale, et que le leadership conscient commence par l'homme \u00e9quilibr\u00e9.<br \/>C'est pourquoi nos services ont \u00e9t\u00e9 con\u00e7us pour couvrir les domaines administratif, psychologique, familial et acad\u00e9mique dans un environnement scientifique int\u00e9gr\u00e9.<\/p>\t\t\t\t\t\t\t\t<\/div>\n\t\t\t\t<\/div>\n\t\t<div class=\"elementor-element elementor-element-a3f8c63 e-con-full e-flex elementor-invisible e-con e-child\" data-id=\"a3f8c63\" data-element_type=\"container\" data-settings=\"{&quot;animation&quot;:&quot;fadeInLeft&quot;}\">\n\t\t\t\t<div class=\"elementor-element elementor-element-114be80 elementor-widget elementor-widget-image\" data-id=\"114be80\" data-element_type=\"widget\" data-widget_type=\"image.default\">\n\t\t\t\t\t\t\t\t\t\t\t\t\t\t\t<img fetchpriority=\"high\" decoding=\"async\" width=\"1024\" height=\"681\" src=\"https:\/\/iade-ma.com\/wp-content\/uploads\/2025\/11\/city-committed-education-collage-concept-1-1024x681.jpg\" class=\"attachment-large size-large wp-image-3768\" alt=\"\" srcset=\"https:\/\/iade-ma.com\/wp-content\/uploads\/2025\/11\/city-committed-education-collage-concept-1-1024x681.jpg 1024w, https:\/\/iade-ma.com\/wp-content\/uploads\/2025\/11\/city-committed-education-collage-concept-1-300x200.jpg 300w, https:\/\/iade-ma.com\/wp-content\/uploads\/2025\/11\/city-committed-education-collage-concept-1-768x511.jpg 768w, https:\/\/iade-ma.com\/wp-content\/uploads\/2025\/11\/city-committed-education-collage-concept-1-1536x1022.jpg 1536w, https:\/\/iade-ma.com\/wp-content\/uploads\/2025\/11\/city-committed-education-collage-concept-1-2048x1363.jpg 2048w, https:\/\/iade-ma.com\/wp-content\/uploads\/2025\/11\/city-committed-education-collage-concept-1-18x12.jpg 18w, https:\/\/iade-ma.com\/wp-content\/uploads\/2025\/11\/city-committed-education-collage-concept-1-600x399.jpg 600w\" sizes=\"(max-width: 1024px) 100vw, 1024px\" \/>\t\t\t\t\t\t\t\t\t\t\t\t\t\t\t<\/div>\n\t\t\t\t<\/div>\n\t\t\t\t\t<\/div>\n\t\t\t\t<\/div>\n\t\t<div class=\"elementor-element elementor-element-f0a66b5 e-con-full elementor-hidden-mobile e-flex e-con e-parent\" data-id=\"f0a66b5\" data-element_type=\"container\">\n\t\t<div class=\"elementor-element elementor-element-e25a804 e-con-full e-flex e-con e-child\" data-id=\"e25a804\" data-element_type=\"container\">\n\t\t\t\t<div class=\"elementor-element elementor-element-907de90 elementor-widget__width-initial elementor-widget elementor-widget-cz_title\" data-id=\"907de90\" data-element_type=\"widget\" data-widget_type=\"cz_title.default\">\n\t\t\t\t<div class=\"elementor-widget-container\">\n\t\t\t\t\t\t\r\n\t\t<div>\r\n\t\t\t<div class=\"cz_title clr cz_title_pos_inline\"><div class=\"cz_title_content\"><div class=\"cz_wpe_content\"><h2>Nous \u00e9levons l'homme ... et nous construisons des institutions ...\u00a0 <span style=\"color: #ffffff;\">Et nous r\u00e9tablissons l'\u00e9quilibre dans la soci\u00e9t\u00e9.<\/span><\/h2><\/div><\/div><\/div>\r\n\t\t<\/div>\r\n\t\t\r\n\t\t\t\t\t\t<\/div>\n\t\t\t\t<\/div>\n\t\t\t\t<div class=\"elementor-element elementor-element-968485c elementor-hidden-desktop elementor-hidden-tablet elementor-widget-divider--view-line elementor-widget elementor-widget-divider\" data-id=\"968485c\" data-element_type=\"widget\" data-widget_type=\"divider.default\">\n\t\t\t\t\t\t\t<div class=\"elementor-divider\">\n\t\t\t<span class=\"elementor-divider-separator\">\n\t\t\t\t\t\t<\/span>\n\t\t<\/div>\n\t\t\t\t\t\t<\/div>\n\t\t\t\t<\/div>\n\t\t\t\t<\/div>\n\t\t<div class=\"elementor-element elementor-element-4ad8396 e-flex e-con-boxed e-con e-parent\" data-id=\"4ad8396\" data-element_type=\"container\">\n\t\t\t\t\t<div class=\"e-con-inner\">\n\t\t<div class=\"elementor-element elementor-element-ee113e8 e-con-full e-flex e-con e-child\" data-id=\"ee113e8\" data-element_type=\"container\">\n\t\t\t\t<div class=\"elementor-element elementor-element-b24e226 elementor-position-top elementor-widget elementor-widget-image-box\" data-id=\"b24e226\" data-element_type=\"widget\" data-widget_type=\"image-box.default\">\n\t\t\t\t\t<div class=\"elementor-image-box-wrapper\"><figure class=\"elementor-image-box-img\"><img decoding=\"async\" width=\"1792\" height=\"576\" src=\"https:\/\/iade-ma.com\/wp-content\/uploads\/2025\/11\/img.png\" class=\"attachment-full size-full wp-image-3045\" alt=\"\" srcset=\"https:\/\/iade-ma.com\/wp-content\/uploads\/2025\/11\/img.png 1792w, https:\/\/iade-ma.com\/wp-content\/uploads\/2025\/11\/img-300x96.png 300w, https:\/\/iade-ma.com\/wp-content\/uploads\/2025\/11\/img-1024x329.png 1024w, https:\/\/iade-ma.com\/wp-content\/uploads\/2025\/11\/img-768x247.png 768w, https:\/\/iade-ma.com\/wp-content\/uploads\/2025\/11\/img-1536x494.png 1536w, https:\/\/iade-ma.com\/wp-content\/uploads\/2025\/11\/img-600x193.png 600w\" sizes=\"(max-width: 1792px) 100vw, 1792px\" \/><\/figure><div class=\"elementor-image-box-content\"><h3 class=\"elementor-image-box-title\">Services administratifs et d\u00e9veloppement institutionnel<\/h3><p class=\"elementor-image-box-description\">Nous d\u00e9veloppons la pens\u00e9e manag\u00e9riale et construisons des institutions capables de concurrencer \u00e0 l'\u00e9chelle mondiale.\n<\/p><\/div><\/div>\t\t\t\t<\/div>\n\t\t\t\t<\/div>\n\t\t<div class=\"elementor-element elementor-element-a1d7481 e-con-full e-flex e-con e-child\" data-id=\"a1d7481\" data-element_type=\"container\">\n\t\t\t\t<div class=\"elementor-element elementor-element-813ff4f elementor-position-top elementor-widget elementor-widget-image-box\" data-id=\"813ff4f\" data-element_type=\"widget\" data-widget_type=\"image-box.default\">\n\t\t\t\t\t<div class=\"elementor-image-box-wrapper\"><figure class=\"elementor-image-box-img\"><img decoding=\"async\" width=\"2560\" height=\"1707\" src=\"https:\/\/iade-ma.com\/wp-content\/uploads\/2025\/11\/family-therapy-psychologist-office-scaled.jpg\" class=\"attachment-full size-full wp-image-2165\" alt=\"\" srcset=\"https:\/\/iade-ma.com\/wp-content\/uploads\/2025\/11\/family-therapy-psychologist-office-scaled.jpg 2560w, https:\/\/iade-ma.com\/wp-content\/uploads\/2025\/11\/family-therapy-psychologist-office-300x200.jpg 300w, https:\/\/iade-ma.com\/wp-content\/uploads\/2025\/11\/family-therapy-psychologist-office-1024x683.jpg 1024w, https:\/\/iade-ma.com\/wp-content\/uploads\/2025\/11\/family-therapy-psychologist-office-768x512.jpg 768w, https:\/\/iade-ma.com\/wp-content\/uploads\/2025\/11\/family-therapy-psychologist-office-1536x1024.jpg 1536w, https:\/\/iade-ma.com\/wp-content\/uploads\/2025\/11\/family-therapy-psychologist-office-2048x1365.jpg 2048w, https:\/\/iade-ma.com\/wp-content\/uploads\/2025\/11\/family-therapy-psychologist-office-600x400.jpg 600w, https:\/\/iade-ma.com\/wp-content\/uploads\/2025\/11\/family-therapy-psychologist-office-1000x667.jpg 1000w\" sizes=\"(max-width: 2560px) 100vw, 2560px\" \/><\/figure><div class=\"elementor-image-box-content\"><h3 class=\"elementor-image-box-title\">Consultations psycho-familiales sp\u00e9cialis\u00e9es<\/h3><p class=\"elementor-image-box-description\">L'\u00e9quilibre psychologique est la cl\u00e9 du succ\u00e8s, tant sur le plan professionnel que familial, et le fondement d'une vie \u00e9panouie.<\/p><\/div><\/div>\t\t\t\t<\/div>\n\t\t\t\t<\/div>\n\t\t<div class=\"elementor-element elementor-element-55bf302 e-con-full e-flex e-con e-child\" data-id=\"55bf302\" data-element_type=\"container\">\n\t\t\t\t<div class=\"elementor-element elementor-element-5d15d81 elementor-position-top elementor-widget elementor-widget-image-box\" data-id=\"5d15d81\" data-element_type=\"widget\" data-widget_type=\"image-box.default\">\n\t\t\t\t\t<div class=\"elementor-image-box-wrapper\"><figure class=\"elementor-image-box-img\"><img loading=\"lazy\" decoding=\"async\" width=\"768\" height=\"512\" src=\"https:\/\/iade-ma.com\/wp-content\/uploads\/2025\/11\/the-imam-hub-islam-focused-768x512-1.webp\" class=\"attachment-full size-full wp-image-1569\" alt=\"\" srcset=\"https:\/\/iade-ma.com\/wp-content\/uploads\/2025\/11\/the-imam-hub-islam-focused-768x512-1.webp 768w, https:\/\/iade-ma.com\/wp-content\/uploads\/2025\/11\/the-imam-hub-islam-focused-768x512-1-300x200.webp 300w, https:\/\/iade-ma.com\/wp-content\/uploads\/2025\/11\/the-imam-hub-islam-focused-768x512-1-600x400.webp 600w\" sizes=\"(max-width: 768px) 100vw, 768px\" \/><\/figure><div class=\"elementor-image-box-content\"><h3 class=\"elementor-image-box-title\">Formation acad\u00e9mique et \u00e9tudes sup\u00e9rieures<\/h3><p class=\"elementor-image-box-description\">Nous formons des leaders et des chercheurs avec un esprit acad\u00e9mique \u00e9lev\u00e9 et des normes internationales.<\/p><\/div><\/div>\t\t\t\t<\/div>\n\t\t\t\t<\/div>\n\t\t\t\t\t<\/div>\n\t\t\t\t<\/div>\n\t\t<div class=\"elementor-element elementor-element-c8a81c4 e-flex e-con-boxed e-con e-parent\" data-id=\"c8a81c4\" data-element_type=\"container\">\n\t\t\t\t\t<div class=\"e-con-inner\">\n\t\t<div class=\"elementor-element elementor-element-f39c187 e-con-full e-flex e-con e-child\" data-id=\"f39c187\" data-element_type=\"container\">\n\t\t\t\t<div class=\"elementor-element elementor-element-7cd2328 elementor-position-top elementor-widget elementor-widget-image-box\" data-id=\"7cd2328\" data-element_type=\"widget\" data-widget_type=\"image-box.default\">\n\t\t\t\t\t<div class=\"elementor-image-box-wrapper\"><figure class=\"elementor-image-box-img\"><img loading=\"lazy\" decoding=\"async\" width=\"2560\" height=\"1709\" src=\"https:\/\/iade-ma.com\/wp-content\/uploads\/2025\/11\/elegant-businessman-explaining-financial-strategy-scaled.jpg\" class=\"attachment-full size-full wp-image-2170\" alt=\"\" srcset=\"https:\/\/iade-ma.com\/wp-content\/uploads\/2025\/11\/elegant-businessman-explaining-financial-strategy-scaled.jpg 2560w, https:\/\/iade-ma.com\/wp-content\/uploads\/2025\/11\/elegant-businessman-explaining-financial-strategy-300x200.jpg 300w, https:\/\/iade-ma.com\/wp-content\/uploads\/2025\/11\/elegant-businessman-explaining-financial-strategy-1024x684.jpg 1024w, https:\/\/iade-ma.com\/wp-content\/uploads\/2025\/11\/elegant-businessman-explaining-financial-strategy-768x513.jpg 768w, https:\/\/iade-ma.com\/wp-content\/uploads\/2025\/11\/elegant-businessman-explaining-financial-strategy-1536x1025.jpg 1536w, https:\/\/iade-ma.com\/wp-content\/uploads\/2025\/11\/elegant-businessman-explaining-financial-strategy-2048x1367.jpg 2048w, https:\/\/iade-ma.com\/wp-content\/uploads\/2025\/11\/elegant-businessman-explaining-financial-strategy-600x401.jpg 600w, https:\/\/iade-ma.com\/wp-content\/uploads\/2025\/11\/elegant-businessman-explaining-financial-strategy-1000x668.jpg 1000w\" sizes=\"(max-width: 2560px) 100vw, 2560px\" \/><\/figure><div class=\"elementor-image-box-content\"><h3 class=\"elementor-image-box-title\">Formation et apprentissage professionnel<\/h3><p class=\"elementor-image-box-description\">Nous accompagnons la transformation num\u00e9rique et pr\u00e9parons les individus au march\u00e9 du travail moderne.\n<\/p><\/div><\/div>\t\t\t\t<\/div>\n\t\t\t\t<\/div>\n\t\t<div class=\"elementor-element elementor-element-ce09628 e-con-full e-flex e-con e-child\" data-id=\"ce09628\" data-element_type=\"container\">\n\t\t\t\t<div class=\"elementor-element elementor-element-30d1950 elementor-position-top elementor-widget elementor-widget-image-box\" data-id=\"30d1950\" data-element_type=\"widget\" data-widget_type=\"image-box.default\">\n\t\t\t\t\t<div class=\"elementor-image-box-wrapper\"><figure class=\"elementor-image-box-img\"><img loading=\"lazy\" decoding=\"async\" width=\"1200\" height=\"674\" src=\"https:\/\/iade-ma.com\/wp-content\/uploads\/2025\/11\/pngtree-a-person-gently-adds-moss-to-bonsai-tree-pot-showcasing-nurturing-picture-image_16422957.png\" class=\"attachment-full size-full wp-image-3772\" alt=\"\" srcset=\"https:\/\/iade-ma.com\/wp-content\/uploads\/2025\/11\/pngtree-a-person-gently-adds-moss-to-bonsai-tree-pot-showcasing-nurturing-picture-image_16422957.png 1200w, https:\/\/iade-ma.com\/wp-content\/uploads\/2025\/11\/pngtree-a-person-gently-adds-moss-to-bonsai-tree-pot-showcasing-nurturing-picture-image_16422957-300x169.png 300w, https:\/\/iade-ma.com\/wp-content\/uploads\/2025\/11\/pngtree-a-person-gently-adds-moss-to-bonsai-tree-pot-showcasing-nurturing-picture-image_16422957-1024x575.png 1024w, https:\/\/iade-ma.com\/wp-content\/uploads\/2025\/11\/pngtree-a-person-gently-adds-moss-to-bonsai-tree-pot-showcasing-nurturing-picture-image_16422957-768x431.png 768w, https:\/\/iade-ma.com\/wp-content\/uploads\/2025\/11\/pngtree-a-person-gently-adds-moss-to-bonsai-tree-pot-showcasing-nurturing-picture-image_16422957-18x10.png 18w, https:\/\/iade-ma.com\/wp-content\/uploads\/2025\/11\/pngtree-a-person-gently-adds-moss-to-bonsai-tree-pot-showcasing-nurturing-picture-image_16422957-600x337.png 600w\" sizes=\"(max-width: 1200px) 100vw, 1200px\" \/><\/figure><div class=\"elementor-image-box-content\"><h3 class=\"elementor-image-box-title\">Programmes humanitaires &amp; d\u00e9veloppement<\/h3><p class=\"elementor-image-box-description\">Nous d\u00e9veloppons la pens\u00e9e manag\u00e9riale et construisons des institutions capables de concurrencer \u00e0 l'\u00e9chelle mondiale. ...<\/p><\/div><\/div>\t\t\t\t<\/div>\n\t\t\t\t<\/div>\n\t\t<div class=\"elementor-element elementor-element-fe7c1ef e-con-full e-flex e-con e-child\" data-id=\"fe7c1ef\" data-element_type=\"container\">\n\t\t\t\t<div class=\"elementor-element elementor-element-94c4d7e elementor-position-top elementor-widget elementor-widget-image-box\" data-id=\"94c4d7e\" data-element_type=\"widget\" data-widget_type=\"image-box.default\">\n\t\t\t\t\t<div class=\"elementor-image-box-wrapper\"><figure class=\"elementor-image-box-img\"><img loading=\"lazy\" decoding=\"async\" width=\"350\" height=\"339\" src=\"https:\/\/iade-ma.com\/wp-content\/uploads\/2025\/11\/teacher-lectures-ai-with-futuristic-holographic-interface-data-visualization_1313853-104144-e1764245746956.avif\" class=\"attachment-full size-full wp-image-3750\" alt=\"\" srcset=\"https:\/\/iade-ma.com\/wp-content\/uploads\/2025\/11\/teacher-lectures-ai-with-futuristic-holographic-interface-data-visualization_1313853-104144-e1764245746956.avif 350w, https:\/\/iade-ma.com\/wp-content\/uploads\/2025\/11\/teacher-lectures-ai-with-futuristic-holographic-interface-data-visualization_1313853-104144-e1764245746956-300x291.avif 300w, https:\/\/iade-ma.com\/wp-content\/uploads\/2025\/11\/teacher-lectures-ai-with-futuristic-holographic-interface-data-visualization_1313853-104144-e1764245746956-12x12.avif 12w\" sizes=\"(max-width: 350px) 100vw, 350px\" \/><\/figure><div class=\"elementor-image-box-content\"><h3 class=\"elementor-image-box-title\">Formation en intelligence artificielle<\/h3><p class=\"elementor-image-box-description\">Formation sp\u00e9cialis\u00e9e en technologies de l'intelligence artificielle et leurs applications modernes.<\/p><\/div><\/div>\t\t\t\t<\/div>\n\t\t\t\t<\/div>\n\t\t\t\t\t<\/div>\n\t\t\t\t<\/div>\n\t\t<div class=\"elementor-element elementor-element-7a90545 e-flex e-con-boxed e-con e-parent\" data-id=\"7a90545\" data-element_type=\"container\">\n\t\t\t\t\t<div class=\"e-con-inner\">\n\t\t<div class=\"elementor-element elementor-element-5d110d4 e-con-full e-flex e-con e-child\" data-id=\"5d110d4\" data-element_type=\"container\">\n\t\t\t\t<div class=\"elementor-element elementor-element-ebe7034 elementor-position-top elementor-widget elementor-widget-image-box\" data-id=\"ebe7034\" data-element_type=\"widget\" data-widget_type=\"image-box.default\">\n\t\t\t\t\t<div class=\"elementor-image-box-wrapper\"><figure class=\"elementor-image-box-img\"><img loading=\"lazy\" decoding=\"async\" width=\"610\" height=\"503\" src=\"https:\/\/iade-ma.com\/wp-content\/uploads\/2025\/11\/odoo.jpg\" class=\"attachment-full size-full wp-image-3154\" alt=\"\" srcset=\"https:\/\/iade-ma.com\/wp-content\/uploads\/2025\/11\/odoo.jpg 610w, https:\/\/iade-ma.com\/wp-content\/uploads\/2025\/11\/odoo-300x247.jpg 300w, https:\/\/iade-ma.com\/wp-content\/uploads\/2025\/11\/odoo-15x12.jpg 15w, https:\/\/iade-ma.com\/wp-content\/uploads\/2025\/11\/odoo-600x495.jpg 600w\" sizes=\"(max-width: 610px) 100vw, 610px\" \/><\/figure><div class=\"elementor-image-box-content\"><h3 class=\"elementor-image-box-title\">Formation dans le domaine d'Odoo<\/h3><p class=\"elementor-image-box-description\">Formation pratique \u00e0 l'utilisation du syst\u00e8me Odoo pour g\u00e9rer les affaires efficacement.\n<\/p><\/div><\/div>\t\t\t\t<\/div>\n\t\t\t\t<\/div>\n\t\t\t\t\t<\/div>\n\t\t\t\t<\/div>\n\t\t\t\t<\/div>","protected":false},"excerpt":{"rendered":"<p>\u062a\u064f\u0642\u062f\u0651\u0645 \u0627\u0644\u0623\u0643\u0627\u062f\u064a\u0645\u064a\u0629 \u0627\u0644\u062f\u0648\u0644\u064a\u0629 \u0644\u0644\u062a\u0646\u0645\u064a\u0629 \u0648\u0627\u0644\u062e\u0628\u0631\u0629 (IADE) \u0645\u0646\u0638\u0648\u0645\u0629 \u0645\u062a\u0643\u0627\u0645\u0644\u0629 \u0645\u0646 \u0627\u0644\u062e\u062f\u0645\u0627\u062a \u0627\u0644\u062a\u0639\u0644\u064a\u0645\u064a\u0629\u060c &#8230; <\/p>","protected":false},"author":1,"featured_media":0,"parent":0,"menu_order":0,"comment_status":"closed","ping_status":"closed","template":"","meta":{"footnotes":""},"class_list":["post-2115","page","type-page","status-publish","hentry"],"_links":{"self":[{"href":"https:\/\/iade-ma.com\/fr\/wp-json\/wp\/v2\/pages\/2115","targetHints":{"allow":["GET"]}}],"collection":[{"href":"https:\/\/iade-ma.com\/fr\/wp-json\/wp\/v2\/pages"}],"about":[{"href":"https:\/\/iade-ma.com\/fr\/wp-json\/wp\/v2\/types\/page"}],"author":[{"embeddable":true,"href":"https:\/\/iade-ma.com\/fr\/wp-json\/wp\/v2\/users\/1"}],"replies":[{"embeddable":true,"href":"https:\/\/iade-ma.com\/fr\/wp-json\/wp\/v2\/comments?post=2115"}],"version-history":[{"count":94,"href":"https:\/\/iade-ma.com\/fr\/wp-json\/wp\/v2\/pages\/2115\/revisions"}],"predecessor-version":[{"id":3998,"href":"https:\/\/iade-ma.com\/fr\/wp-json\/wp\/v2\/pages\/2115\/revisions\/3998"}],"wp:attachment":[{"href":"https:\/\/iade-ma.com\/fr\/wp-json\/wp\/v2\/media?parent=2115"}],"curies":[{"name":"wp","href":"https:\/\/api.w.org\/{rel}","templated":true}]}}